{"id":12051,"date":"2020-01-14T06:46:01","date_gmt":"2020-01-14T09:46:01","guid":{"rendered":"http:\/\/atelierdossabores.com.br\/zona-sul\/?post_type=product&#038;p=12051"},"modified":"2026-02-20T13:52:12","modified_gmt":"2026-02-20T16:52:12","slug":"mini-quiche-de-queijo-8-unidades","status":"publish","type":"product","link":"https:\/\/atelierdossabores.com.br\/v2\/produto\/mini-quiche-de-queijo-8-unidades\/","title":{"rendered":"Mini Quiche de Queijo  8 unidades"},"content":{"rendered":"<p>______________________________________________________________<\/p>\n<p><strong>Modo de Preparo<\/strong><\/p>\n<p><strong>Forno Convencional:<\/strong> Retire o produto do freezer, mantenha a torta na forma de papel, pr\u00e9-aque\u00e7a o forno por 10 minutos a 150\u00b0C, leve ao forno por 20 minutos aproximadamente. Ap\u00f3s sair do forno aguarde 15 minutos para esfriar, retire a forma de papel e sirva.<\/p>\n<p><strong>*deve ser descongelada por aproximadamente 1 hora em refrigera\u00e7\u00e3o antes de ser assada.<\/strong><\/p>\n<p>Os tempos acima sugeridos podem variar de acordo com a pot\u00eancia e tipo de forno utilizado, sugerimos que ao assar nossos produtos pela primeira vez, acompanhe o processo em pequenos intervalos de tempo e, se necess\u00e1rio, \u00a0ajuste de acordo com seu aparelho.<\/p>\n<p>______________________________________________________________<\/p>\n<p><strong>Validade\u00a0(ap\u00f3s a data de fabrica\u00e7\u00e3o):<\/strong>\u00a090 dias se congelado e 5 dias em refrigera\u00e7\u00e3o. Ap\u00f3s o degelo, orienta-se o consumo do produto, n\u00e3o devendo retornar ao freezer.<\/p>\n<p style=\"text-align: justify;\"><strong>Ingredientes: <\/strong>Gema de ovo, farinha de trigo enriquecida com ferro e \u00e1cido f\u00f3lico, queijo minas, queijo montanh\u00eas, queijo parmes\u00e3o, queijo mussarela, margarina (Agrobacterium sp, Agrobacterium tumefaciens \/Bacillus thuringiensis, Arabidopsis thaliana, Streptomyces viridochromogenes e Zea Mays),gordura vegetal, clara de ovo, composto l\u00e1cteo com gordura vegetal, sal e pimenta do reino.<\/p>\n<p><strong>AL\u00c9RGICOS: CONT\u00c9M OVO, LEITE, DERIVADOS DE LEITE, DE TRIGO E DE SOJA. PODE CONTER CEVADA, AVEIA, CENTEIO, AMENDOIM, AM\u00caNDOA, NOZES, AVEL\u00c3, PISTACHE E CASTANHA -DE- CAJU.<\/strong><br \/>\n<strong>CONT\u00c9M LACTOSE. CONT\u00c9M GL\u00daTEN. <\/strong><\/p>\n<p>______________________________________________________________<\/p>\n<p><strong>Tabela Nutricional<\/strong><\/p>\n<p><img loading=\"lazy\" decoding=\"async\" class=\"aligncenter wp-image-19718 size-full\" src=\"http:\/\/atelierdossabores.com.br\/zona-sul\/wp-content\/uploads\/sites\/6\/2020\/01\/tab-nutri-att-19.png\" alt=\"\" width=\"351\" height=\"424\" \/><\/p>\n<p>&nbsp;<\/p>\n<p>&nbsp;<\/p>\n","protected":false},"excerpt":{"rendered":"<div class=\"divResumo\">\n<p class=\"pResumo\">Delicioso quiche pr\u00e9-assado, com massa leve, sequinha e saboroso recheio de queijo minas, queijo parmes\u00e3o, queijo mu\u00e7arela, ovo, pimenta e leite.<\/p>\n<div class=\"divResumo\">\n<p><strong>Tamanho:<\/strong> Aproximadamente 7,5 cm.<\/p>\n<p><strong>Peso unit\u00e1rio:<\/strong> Aproximadamente 120g cada.<\/p>\n<p><strong>Por\u00e7\u00e3o:<\/strong>\u00a0\u00danica.<\/p>\n<p><strong>Embalagem:<\/strong> 8 unidades.<\/p>\n<\/div>\n<p class=\"pResumo\"><strong>Este produto \u00e9 entregue congelado.<\/strong><\/p>\n<p><a href=\"https:\/\/www.instagram.com\/tv\/CFP768Lnz9F\/\" target=\"_blank\" rel=\"noopener noreferrer\"><br \/>\n<img loading=\"lazy\" decoding=\"async\" class=\"alignleft wp-image-15122\" src=\"https:\/\/atelierdossabores.com.br\/zona-sul\/wp-content\/uploads\/sites\/6\/2020\/01\/IGTV-ATELIER-DOS-SABORES.-1.png\" alt=\"\" width=\"30\" height=\"36\" \/><strong>V\u00eddeo do preparo.<\/strong><\/a><\/p>\n<p><em><strong><a href=\"#tab-description\">Descri\u00e7\u00e3o detalhada.<\/a><\/strong><\/em><\/p>\n<\/div>\n","protected":false},"featured_media":24110,"comment_status":"open","ping_status":"closed","template":"","meta":[],"product_brand":[],"product_cat":[79],"product_tag":[27,128,77,129,206,114,78,81],"class_list":{"0":"post-12051","1":"product","2":"type-product","3":"status-publish","4":"has-post-thumbnail","6":"product_cat-quiches","7":"product_tag-atelier-dos-sabores","8":"product_tag-massa-salgada","9":"product_tag-mini-quiche","10":"product_tag-queijo","11":"product_tag-queijo-minas","12":"product_tag-queijo-parmesao","13":"product_tag-quiche","14":"product_tag-salgados","16":"first","17":"instock","18":"featured","19":"shipping-taxable","20":"purchasable","21":"product-type-simple"},"acf":[],"yoast_head":"<!-- This site is optimized with the Yoast SEO plugin v27.5 - https:\/\/yoast.com\/product\/yoast-seo-wordpress\/ -->\n<title>Mini Quiche de Queijo 8 unidades - Atelier dos Sabores<\/title>\n<meta name=\"robots\" content=\"index, follow, max-snippet:-1, max-image-preview:large, max-video-preview:-1\" \/>\n<link rel=\"canonical\" href=\"https:\/\/atelierdossabores.com.br\/v2\/produto\/mini-quiche-de-queijo-8-unidades\/\" \/>\n<meta property=\"og:locale\" content=\"pt_BR\" \/>\n<meta property=\"og:type\" content=\"article\" \/>\n<meta property=\"og:title\" content=\"Mini Quiche de Queijo 8 unidades - Atelier dos Sabores\" \/>\n<meta property=\"og:description\" content=\"Delicioso quiche pr\u00e9-assado, com massa leve, sequinha e saboroso recheio de queijo minas, queijo parmes\u00e3o, queijo mu\u00e7arela, ovo, pimenta e leite.    Tamanho: Aproximadamente 7,5 cm.  Peso unit\u00e1rio: Aproximadamente 120g cada.  Por\u00e7\u00e3o:\u00a0\u00danica.  Embalagem: 8 unidades.   Este produto \u00e9 entregue congelado.  V\u00eddeo do preparo.  Descri\u00e7\u00e3o detalhada.\" \/>\n<meta property=\"og:url\" content=\"https:\/\/atelierdossabores.com.br\/v2\/produto\/mini-quiche-de-queijo-8-unidades\/\" \/>\n<meta property=\"og:site_name\" content=\"Atelier dos Sabores\" \/>\n<meta property=\"article:modified_time\" content=\"2026-02-20T16:52:12+00:00\" \/>\n<meta property=\"og:image\" content=\"https:\/\/atelierdossabores.com.br\/v2\/wp-content\/uploads\/2026\/02\/Quiche-queijo.jpg\" \/>\n\t<meta property=\"og:image:width\" content=\"1600\" \/>\n\t<meta property=\"og:image:height\" content=\"1600\" \/>\n\t<meta property=\"og:image:type\" content=\"image\/jpeg\" \/>\n<meta name=\"twitter:card\" content=\"summary_large_image\" \/>\n<meta name=\"twitter:label1\" content=\"Est. tempo de leitura\" \/>\n\t<meta name=\"twitter:data1\" content=\"2 minutos\" \/>\n<script type=\"application\/ld+json\" class=\"yoast-schema-graph\">{\"@context\":\"https:\\\/\\\/schema.org\",\"@graph\":[{\"@type\":\"WebPage\",\"@id\":\"https:\\\/\\\/atelierdossabores.com.br\\\/v2\\\/produto\\\/mini-quiche-de-queijo-8-unidades\\\/\",\"url\":\"https:\\\/\\\/atelierdossabores.com.br\\\/v2\\\/produto\\\/mini-quiche-de-queijo-8-unidades\\\/\",\"name\":\"Mini Quiche de Queijo 8 unidades - Atelier dos Sabores\",\"isPartOf\":{\"@id\":\"https:\\\/\\\/atelierdossabores.com.br\\\/v2\\\/#website\"},\"primaryImageOfPage\":{\"@id\":\"https:\\\/\\\/atelierdossabores.com.br\\\/v2\\\/produto\\\/mini-quiche-de-queijo-8-unidades\\\/#primaryimage\"},\"image\":{\"@id\":\"https:\\\/\\\/atelierdossabores.com.br\\\/v2\\\/produto\\\/mini-quiche-de-queijo-8-unidades\\\/#primaryimage\"},\"thumbnailUrl\":\"https:\\\/\\\/atelierdossabores.com.br\\\/v2\\\/wp-content\\\/uploads\\\/2026\\\/02\\\/Quiche-queijo.jpg\",\"datePublished\":\"2020-01-14T09:46:01+00:00\",\"dateModified\":\"2026-02-20T16:52:12+00:00\",\"breadcrumb\":{\"@id\":\"https:\\\/\\\/atelierdossabores.com.br\\\/v2\\\/produto\\\/mini-quiche-de-queijo-8-unidades\\\/#breadcrumb\"},\"inLanguage\":\"pt-BR\",\"potentialAction\":[{\"@type\":\"ReadAction\",\"target\":[\"https:\\\/\\\/atelierdossabores.com.br\\\/v2\\\/produto\\\/mini-quiche-de-queijo-8-unidades\\\/\"]}]},{\"@type\":\"ImageObject\",\"inLanguage\":\"pt-BR\",\"@id\":\"https:\\\/\\\/atelierdossabores.com.br\\\/v2\\\/produto\\\/mini-quiche-de-queijo-8-unidades\\\/#primaryimage\",\"url\":\"https:\\\/\\\/atelierdossabores.com.br\\\/v2\\\/wp-content\\\/uploads\\\/2026\\\/02\\\/Quiche-queijo.jpg\",\"contentUrl\":\"https:\\\/\\\/atelierdossabores.com.br\\\/v2\\\/wp-content\\\/uploads\\\/2026\\\/02\\\/Quiche-queijo.jpg\",\"width\":1600,\"height\":1600},{\"@type\":\"BreadcrumbList\",\"@id\":\"https:\\\/\\\/atelierdossabores.com.br\\\/v2\\\/produto\\\/mini-quiche-de-queijo-8-unidades\\\/#breadcrumb\",\"itemListElement\":[{\"@type\":\"ListItem\",\"position\":1,\"name\":\"In\u00edcio\",\"item\":\"https:\\\/\\\/atelierdossabores.com.br\\\/v2\\\/\"},{\"@type\":\"ListItem\",\"position\":2,\"name\":\"Loja\",\"item\":\"https:\\\/\\\/atelierdossabores.com.br\\\/v2\\\/loja\\\/\"},{\"@type\":\"ListItem\",\"position\":3,\"name\":\"Mini Quiche de Queijo 8 unidades\"}]},{\"@type\":\"WebSite\",\"@id\":\"https:\\\/\\\/atelierdossabores.com.br\\\/v2\\\/#website\",\"url\":\"https:\\\/\\\/atelierdossabores.com.br\\\/v2\\\/\",\"name\":\"Atelier dos Sabores\",\"description\":\"Delivery de bolos, tortas, doces e salgados\",\"potentialAction\":[{\"@type\":\"SearchAction\",\"target\":{\"@type\":\"EntryPoint\",\"urlTemplate\":\"https:\\\/\\\/atelierdossabores.com.br\\\/v2\\\/?s={search_term_string}\"},\"query-input\":{\"@type\":\"PropertyValueSpecification\",\"valueRequired\":true,\"valueName\":\"search_term_string\"}}],\"inLanguage\":\"pt-BR\"}]}<\/script>\n<!-- \/ Yoast SEO plugin. -->","yoast_head_json":{"title":"Mini Quiche de Queijo 8 unidades - Atelier dos Sabores","robots":{"index":"index","follow":"follow","max-snippet":"max-snippet:-1","max-image-preview":"max-image-preview:large","max-video-preview":"max-video-preview:-1"},"canonical":"https:\/\/atelierdossabores.com.br\/v2\/produto\/mini-quiche-de-queijo-8-unidades\/","og_locale":"pt_BR","og_type":"article","og_title":"Mini Quiche de Queijo 8 unidades - Atelier dos Sabores","og_description":"Delicioso quiche pr\u00e9-assado, com massa leve, sequinha e saboroso recheio de queijo minas, queijo parmes\u00e3o, queijo mu\u00e7arela, ovo, pimenta e leite.    Tamanho: Aproximadamente 7,5 cm.  Peso unit\u00e1rio: Aproximadamente 120g cada.  Por\u00e7\u00e3o:\u00a0\u00danica.  Embalagem: 8 unidades.   Este produto \u00e9 entregue congelado.  V\u00eddeo do preparo.  Descri\u00e7\u00e3o detalhada.","og_url":"https:\/\/atelierdossabores.com.br\/v2\/produto\/mini-quiche-de-queijo-8-unidades\/","og_site_name":"Atelier dos Sabores","article_modified_time":"2026-02-20T16:52:12+00:00","og_image":[{"width":1600,"height":1600,"url":"https:\/\/atelierdossabores.com.br\/v2\/wp-content\/uploads\/2026\/02\/Quiche-queijo.jpg","type":"image\/jpeg"}],"twitter_card":"summary_large_image","twitter_misc":{"Est. tempo de leitura":"2 minutos"},"schema":{"@context":"https:\/\/schema.org","@graph":[{"@type":"WebPage","@id":"https:\/\/atelierdossabores.com.br\/v2\/produto\/mini-quiche-de-queijo-8-unidades\/","url":"https:\/\/atelierdossabores.com.br\/v2\/produto\/mini-quiche-de-queijo-8-unidades\/","name":"Mini Quiche de Queijo 8 unidades - Atelier dos Sabores","isPartOf":{"@id":"https:\/\/atelierdossabores.com.br\/v2\/#website"},"primaryImageOfPage":{"@id":"https:\/\/atelierdossabores.com.br\/v2\/produto\/mini-quiche-de-queijo-8-unidades\/#primaryimage"},"image":{"@id":"https:\/\/atelierdossabores.com.br\/v2\/produto\/mini-quiche-de-queijo-8-unidades\/#primaryimage"},"thumbnailUrl":"https:\/\/atelierdossabores.com.br\/v2\/wp-content\/uploads\/2026\/02\/Quiche-queijo.jpg","datePublished":"2020-01-14T09:46:01+00:00","dateModified":"2026-02-20T16:52:12+00:00","breadcrumb":{"@id":"https:\/\/atelierdossabores.com.br\/v2\/produto\/mini-quiche-de-queijo-8-unidades\/#breadcrumb"},"inLanguage":"pt-BR","potentialAction":[{"@type":"ReadAction","target":["https:\/\/atelierdossabores.com.br\/v2\/produto\/mini-quiche-de-queijo-8-unidades\/"]}]},{"@type":"ImageObject","inLanguage":"pt-BR","@id":"https:\/\/atelierdossabores.com.br\/v2\/produto\/mini-quiche-de-queijo-8-unidades\/#primaryimage","url":"https:\/\/atelierdossabores.com.br\/v2\/wp-content\/uploads\/2026\/02\/Quiche-queijo.jpg","contentUrl":"https:\/\/atelierdossabores.com.br\/v2\/wp-content\/uploads\/2026\/02\/Quiche-queijo.jpg","width":1600,"height":1600},{"@type":"BreadcrumbList","@id":"https:\/\/atelierdossabores.com.br\/v2\/produto\/mini-quiche-de-queijo-8-unidades\/#breadcrumb","itemListElement":[{"@type":"ListItem","position":1,"name":"In\u00edcio","item":"https:\/\/atelierdossabores.com.br\/v2\/"},{"@type":"ListItem","position":2,"name":"Loja","item":"https:\/\/atelierdossabores.com.br\/v2\/loja\/"},{"@type":"ListItem","position":3,"name":"Mini Quiche de Queijo 8 unidades"}]},{"@type":"WebSite","@id":"https:\/\/atelierdossabores.com.br\/v2\/#website","url":"https:\/\/atelierdossabores.com.br\/v2\/","name":"Atelier dos Sabores","description":"Delivery de bolos, tortas, doces e salgados","potentialAction":[{"@type":"SearchAction","target":{"@type":"EntryPoint","urlTemplate":"https:\/\/atelierdossabores.com.br\/v2\/?s={search_term_string}"},"query-input":{"@type":"PropertyValueSpecification","valueRequired":true,"valueName":"search_term_string"}}],"inLanguage":"pt-BR"}]}},"_links":{"self":[{"href":"https:\/\/atelierdossabores.com.br\/v2\/wp-json\/wp\/v2\/product\/12051","targetHints":{"allow":["GET"]}}],"collection":[{"href":"https:\/\/atelierdossabores.com.br\/v2\/wp-json\/wp\/v2\/product"}],"about":[{"href":"https:\/\/atelierdossabores.com.br\/v2\/wp-json\/wp\/v2\/types\/product"}],"replies":[{"embeddable":true,"href":"https:\/\/atelierdossabores.com.br\/v2\/wp-json\/wp\/v2\/comments?post=12051"}],"wp:featuredmedia":[{"embeddable":true,"href":"https:\/\/atelierdossabores.com.br\/v2\/wp-json\/wp\/v2\/media\/24110"}],"wp:attachment":[{"href":"https:\/\/atelierdossabores.com.br\/v2\/wp-json\/wp\/v2\/media?parent=12051"}],"wp:term":[{"taxonomy":"product_brand","embeddable":true,"href":"https:\/\/atelierdossabores.com.br\/v2\/wp-json\/wp\/v2\/product_brand?post=12051"},{"taxonomy":"product_cat","embeddable":true,"href":"https:\/\/atelierdossabores.com.br\/v2\/wp-json\/wp\/v2\/product_cat?post=12051"},{"taxonomy":"product_tag","embeddable":true,"href":"https:\/\/atelierdossabores.com.br\/v2\/wp-json\/wp\/v2\/product_tag?post=12051"}],"curies":[{"name":"wp","href":"https:\/\/api.w.org\/{rel}","templated":true}]}}