{"id":15384,"date":"2023-11-25T00:01:46","date_gmt":"2023-11-25T03:01:46","guid":{"rendered":"https:\/\/atelierdossabores.com.br\/zona-sul\/?post_type=product&#038;p=15384"},"modified":"2026-02-20T13:55:08","modified_gmt":"2026-02-20T16:55:08","slug":"mini-quiche-bacalhau-alho-poro","status":"publish","type":"product","link":"https:\/\/atelierdossabores.com.br\/v2\/produto\/mini-quiche-bacalhau-alho-poro\/","title":{"rendered":"Mini Quiche de Bacalhau com Alho Por\u00f3"},"content":{"rendered":"<p>INSTRU\u00c7\u00d5ES DE CONSERVA\u00c7\u00c3O, DESCONGELAMENTO E PREPARO DOS PRODUTOS ATELIER DOS SABORES.<\/p>\n<p>Os salgados congelados, tem o prazo de validade de\u00a090 dias se armazenados em freezer, ap\u00f3s a data de fabrica\u00e7\u00e3o. Ap\u00f3s degelo n\u00e3o dever\u00e3o ser congelados novamente e poder\u00e3o ser conservados em refrigera\u00e7\u00e3o por 5 dias.<\/p>\n<p style=\"text-align: justify;\"><b>Quiche<\/b> (Pr\u00e9-Assado):Retire o produto do freezer, mantenha a quiche na forma de papel, pr\u00e9-aque\u00e7a o forno por 10 minutos a 150\u00b0C, leve ao forno por 20 minutos aproximadamente. Ap\u00f3s sair do forno aguarde 15 minutos para esfriar, retire a forma de papel e sirva.<\/p>\n<p style=\"text-align: justify;\"><strong>Ingredientes:<\/strong> creme vegetal UHT (\u00c1gua, godura vegetal,leite desnatado em p\u00f3, permeado de soro de leite em p\u00f3, soro de leite em p\u00f3 parcialmente desmineraliado, amido modificado, maltodextrina, emulsificante lecitina de soja, estabilizantes carboximetilcelulose diss\u00f3dica, fosfato de diss\u00f3dico e goma alfarroba), farinha de trigo enriquecida com ferro e \u00e1cido f\u00f3lico, batata, bacalhau, alho por\u00f3, cebola,margarina (Agrobacterium sp, Agrobacterium tumefaciens \/Bacillus thuringiensis, Arabidopsis thaliana, Streptomyces viridochromogenes e Zea Mays), leite UHt integral, gema de ovo, gordura vegetal, azeite de oliva extra virgem, queijo parmes\u00e3o, azeitona preta, uva passa, amido de milho, alho, sal, coentro, pimenta do reino, e noz moscada.<\/p>\n<p style=\"text-align: justify;\"><strong>AL\u00c9RGICOS: CONT\u00c9M OVO, PEIXE, DERIVADOS DE LEITE, DE TRIGO E DE SOJA. PODE CONTER AVEIA, AVEL\u00c3, AMENDOIM, AM\u00caNDOA, CENTEIO, CEVADA, CASTANHA-DECAJU, NOZES E PISTACHE.<br \/>\nCONT\u00c9M LACTOSE. CONT\u00c9M GL\u00daTEN. <\/strong><\/p>\n<p>*Todos os nossos salgados devem ser descongelados por aproximadamente\u00a01 hora em refrigera\u00e7\u00e3o antes de serem assados. Os tempos acima sugeridos podem variar de acordo com a pot\u00eancia e tipo de\u00a0forno utilizado, sugerimos ao assar nossos produtos pela primeira vez acompanhe o processo em pequenos intervalos de tempo e, se necess\u00e1rio, ajuste de acordo\u00a0com seu forno.<\/p>\n<p>&nbsp;<\/p>\n<p><img loading=\"lazy\" decoding=\"async\" class=\"aligncenter size-full wp-image-19308\" src=\"http:\/\/atelierdossabores.com.br\/zona-sul\/wp-content\/uploads\/sites\/6\/2023\/11\/TAB-QUICHE-DE-BACALHAU-ATELIER-DOS-SABORES.jpg\" alt=\"\" width=\"479\" height=\"507\" \/><\/p>\n","protected":false},"excerpt":{"rendered":"<div class=\"divResumo\">\n<p class=\"pResumo\">Delicioso quiche pr\u00e9-assado, com massa leve, sequinha e saboroso recheio de Bacalhau com alho por\u00f3.<\/p>\n<p class=\"pResumo\">Embalagem com 8 unidades, de aproximadamente 130g cada.<\/p>\n<p class=\"pResumo\"><strong>Este produto \u00e9 entregue congelado.<\/strong><\/p>\n<p><a href=\"https:\/\/www.instagram.com\/tv\/CFP768Lnz9F\/\" target=\"_blank\" rel=\"noopener noreferrer\"><br \/>\n<strong>V\u00eddeo do preparo.<\/strong><\/a><a href=\"https:\/\/www.instagram.com\/tv\/CFP768Lnz9F\/\" target=\"_blank\" rel=\"noopener noreferrer\"><img loading=\"lazy\" decoding=\"async\" class=\"alignleft wp-image-15122\" src=\"https:\/\/atelierdossabores.com.br\/zona-sul\/wp-content\/uploads\/sites\/6\/2020\/01\/IGTV-ATELIER-DOS-SABORES.-1.png\" alt=\"\" width=\"30\" height=\"36\" \/><\/a><\/p>\n<p><em><strong><a href=\"#tab-description\">Descri\u00e7\u00e3o detalhada.<\/a><\/strong><\/em><\/p>\n<\/div>\n","protected":false},"featured_media":24189,"comment_status":"open","ping_status":"closed","template":"","meta":[],"product_brand":[],"product_cat":[79],"product_tag":[77,215,78,81],"class_list":{"0":"post-15384","1":"product","2":"type-product","3":"status-publish","4":"has-post-thumbnail","6":"product_cat-quiches","7":"product_tag-mini-quiche","8":"product_tag-queijo-brie","9":"product_tag-quiche","10":"product_tag-salgados","12":"first","13":"instock","14":"featured","15":"shipping-taxable","16":"purchasable","17":"product-type-simple"},"acf":[],"yoast_head":"<!-- This site is optimized with the Yoast SEO plugin v27.5 - https:\/\/yoast.com\/product\/yoast-seo-wordpress\/ -->\n<title>Mini Quiche de Bacalhau com Alho Por\u00f3 - Atelier dos Sabores<\/title>\n<meta name=\"robots\" content=\"index, follow, max-snippet:-1, max-image-preview:large, max-video-preview:-1\" \/>\n<link rel=\"canonical\" href=\"https:\/\/atelierdossabores.com.br\/v2\/produto\/mini-quiche-bacalhau-alho-poro\/\" \/>\n<meta property=\"og:locale\" content=\"pt_BR\" \/>\n<meta property=\"og:type\" content=\"article\" \/>\n<meta property=\"og:title\" content=\"Mini Quiche de Bacalhau com Alho Por\u00f3 - Atelier dos Sabores\" \/>\n<meta property=\"og:description\" content=\"Delicioso quiche pr\u00e9-assado, com massa leve, sequinha e saboroso recheio de Bacalhau com alho por\u00f3. Embalagem com 8 unidades, de aproximadamente 130g cada. Este produto \u00e9 entregue congelado.  V\u00eddeo do preparo.  Descri\u00e7\u00e3o detalhada.\" \/>\n<meta property=\"og:url\" content=\"https:\/\/atelierdossabores.com.br\/v2\/produto\/mini-quiche-bacalhau-alho-poro\/\" \/>\n<meta property=\"og:site_name\" content=\"Atelier dos Sabores\" \/>\n<meta property=\"article:modified_time\" content=\"2026-02-20T16:55:08+00:00\" \/>\n<meta property=\"og:image\" content=\"https:\/\/atelierdossabores.com.br\/v2\/wp-content\/uploads\/2026\/02\/QUICHE-DE-BACALHAU-ATELIER-DOS-SABORES.jpg\" \/>\n\t<meta property=\"og:image:width\" content=\"600\" \/>\n\t<meta property=\"og:image:height\" content=\"600\" \/>\n\t<meta property=\"og:image:type\" content=\"image\/jpeg\" \/>\n<meta name=\"twitter:card\" content=\"summary_large_image\" \/>\n<meta name=\"twitter:label1\" content=\"Est. tempo de leitura\" \/>\n\t<meta name=\"twitter:data1\" content=\"2 minutos\" \/>\n<script type=\"application\/ld+json\" class=\"yoast-schema-graph\">{\"@context\":\"https:\\\/\\\/schema.org\",\"@graph\":[{\"@type\":\"WebPage\",\"@id\":\"https:\\\/\\\/atelierdossabores.com.br\\\/v2\\\/produto\\\/mini-quiche-bacalhau-alho-poro\\\/\",\"url\":\"https:\\\/\\\/atelierdossabores.com.br\\\/v2\\\/produto\\\/mini-quiche-bacalhau-alho-poro\\\/\",\"name\":\"Mini Quiche de Bacalhau com Alho Por\u00f3 - Atelier dos Sabores\",\"isPartOf\":{\"@id\":\"https:\\\/\\\/atelierdossabores.com.br\\\/v2\\\/#website\"},\"primaryImageOfPage\":{\"@id\":\"https:\\\/\\\/atelierdossabores.com.br\\\/v2\\\/produto\\\/mini-quiche-bacalhau-alho-poro\\\/#primaryimage\"},\"image\":{\"@id\":\"https:\\\/\\\/atelierdossabores.com.br\\\/v2\\\/produto\\\/mini-quiche-bacalhau-alho-poro\\\/#primaryimage\"},\"thumbnailUrl\":\"https:\\\/\\\/atelierdossabores.com.br\\\/v2\\\/wp-content\\\/uploads\\\/2026\\\/02\\\/QUICHE-DE-BACALHAU-ATELIER-DOS-SABORES.jpg\",\"datePublished\":\"2023-11-25T03:01:46+00:00\",\"dateModified\":\"2026-02-20T16:55:08+00:00\",\"breadcrumb\":{\"@id\":\"https:\\\/\\\/atelierdossabores.com.br\\\/v2\\\/produto\\\/mini-quiche-bacalhau-alho-poro\\\/#breadcrumb\"},\"inLanguage\":\"pt-BR\",\"potentialAction\":[{\"@type\":\"ReadAction\",\"target\":[\"https:\\\/\\\/atelierdossabores.com.br\\\/v2\\\/produto\\\/mini-quiche-bacalhau-alho-poro\\\/\"]}]},{\"@type\":\"ImageObject\",\"inLanguage\":\"pt-BR\",\"@id\":\"https:\\\/\\\/atelierdossabores.com.br\\\/v2\\\/produto\\\/mini-quiche-bacalhau-alho-poro\\\/#primaryimage\",\"url\":\"https:\\\/\\\/atelierdossabores.com.br\\\/v2\\\/wp-content\\\/uploads\\\/2026\\\/02\\\/QUICHE-DE-BACALHAU-ATELIER-DOS-SABORES.jpg\",\"contentUrl\":\"https:\\\/\\\/atelierdossabores.com.br\\\/v2\\\/wp-content\\\/uploads\\\/2026\\\/02\\\/QUICHE-DE-BACALHAU-ATELIER-DOS-SABORES.jpg\",\"width\":600,\"height\":600},{\"@type\":\"BreadcrumbList\",\"@id\":\"https:\\\/\\\/atelierdossabores.com.br\\\/v2\\\/produto\\\/mini-quiche-bacalhau-alho-poro\\\/#breadcrumb\",\"itemListElement\":[{\"@type\":\"ListItem\",\"position\":1,\"name\":\"In\u00edcio\",\"item\":\"https:\\\/\\\/atelierdossabores.com.br\\\/v2\\\/\"},{\"@type\":\"ListItem\",\"position\":2,\"name\":\"Loja\",\"item\":\"https:\\\/\\\/atelierdossabores.com.br\\\/v2\\\/loja\\\/\"},{\"@type\":\"ListItem\",\"position\":3,\"name\":\"Mini Quiche de Bacalhau com Alho Por\u00f3\"}]},{\"@type\":\"WebSite\",\"@id\":\"https:\\\/\\\/atelierdossabores.com.br\\\/v2\\\/#website\",\"url\":\"https:\\\/\\\/atelierdossabores.com.br\\\/v2\\\/\",\"name\":\"Atelier dos Sabores\",\"description\":\"Delivery de bolos, tortas, doces e salgados\",\"potentialAction\":[{\"@type\":\"SearchAction\",\"target\":{\"@type\":\"EntryPoint\",\"urlTemplate\":\"https:\\\/\\\/atelierdossabores.com.br\\\/v2\\\/?s={search_term_string}\"},\"query-input\":{\"@type\":\"PropertyValueSpecification\",\"valueRequired\":true,\"valueName\":\"search_term_string\"}}],\"inLanguage\":\"pt-BR\"}]}<\/script>\n<!-- \/ Yoast SEO plugin. -->","yoast_head_json":{"title":"Mini Quiche de Bacalhau com Alho Por\u00f3 - Atelier dos Sabores","robots":{"index":"index","follow":"follow","max-snippet":"max-snippet:-1","max-image-preview":"max-image-preview:large","max-video-preview":"max-video-preview:-1"},"canonical":"https:\/\/atelierdossabores.com.br\/v2\/produto\/mini-quiche-bacalhau-alho-poro\/","og_locale":"pt_BR","og_type":"article","og_title":"Mini Quiche de Bacalhau com Alho Por\u00f3 - Atelier dos Sabores","og_description":"Delicioso quiche pr\u00e9-assado, com massa leve, sequinha e saboroso recheio de Bacalhau com alho por\u00f3. Embalagem com 8 unidades, de aproximadamente 130g cada. Este produto \u00e9 entregue congelado.  V\u00eddeo do preparo.  Descri\u00e7\u00e3o detalhada.","og_url":"https:\/\/atelierdossabores.com.br\/v2\/produto\/mini-quiche-bacalhau-alho-poro\/","og_site_name":"Atelier dos Sabores","article_modified_time":"2026-02-20T16:55:08+00:00","og_image":[{"width":600,"height":600,"url":"https:\/\/atelierdossabores.com.br\/v2\/wp-content\/uploads\/2026\/02\/QUICHE-DE-BACALHAU-ATELIER-DOS-SABORES.jpg","type":"image\/jpeg"}],"twitter_card":"summary_large_image","twitter_misc":{"Est. tempo de leitura":"2 minutos"},"schema":{"@context":"https:\/\/schema.org","@graph":[{"@type":"WebPage","@id":"https:\/\/atelierdossabores.com.br\/v2\/produto\/mini-quiche-bacalhau-alho-poro\/","url":"https:\/\/atelierdossabores.com.br\/v2\/produto\/mini-quiche-bacalhau-alho-poro\/","name":"Mini Quiche de Bacalhau com Alho Por\u00f3 - Atelier dos Sabores","isPartOf":{"@id":"https:\/\/atelierdossabores.com.br\/v2\/#website"},"primaryImageOfPage":{"@id":"https:\/\/atelierdossabores.com.br\/v2\/produto\/mini-quiche-bacalhau-alho-poro\/#primaryimage"},"image":{"@id":"https:\/\/atelierdossabores.com.br\/v2\/produto\/mini-quiche-bacalhau-alho-poro\/#primaryimage"},"thumbnailUrl":"https:\/\/atelierdossabores.com.br\/v2\/wp-content\/uploads\/2026\/02\/QUICHE-DE-BACALHAU-ATELIER-DOS-SABORES.jpg","datePublished":"2023-11-25T03:01:46+00:00","dateModified":"2026-02-20T16:55:08+00:00","breadcrumb":{"@id":"https:\/\/atelierdossabores.com.br\/v2\/produto\/mini-quiche-bacalhau-alho-poro\/#breadcrumb"},"inLanguage":"pt-BR","potentialAction":[{"@type":"ReadAction","target":["https:\/\/atelierdossabores.com.br\/v2\/produto\/mini-quiche-bacalhau-alho-poro\/"]}]},{"@type":"ImageObject","inLanguage":"pt-BR","@id":"https:\/\/atelierdossabores.com.br\/v2\/produto\/mini-quiche-bacalhau-alho-poro\/#primaryimage","url":"https:\/\/atelierdossabores.com.br\/v2\/wp-content\/uploads\/2026\/02\/QUICHE-DE-BACALHAU-ATELIER-DOS-SABORES.jpg","contentUrl":"https:\/\/atelierdossabores.com.br\/v2\/wp-content\/uploads\/2026\/02\/QUICHE-DE-BACALHAU-ATELIER-DOS-SABORES.jpg","width":600,"height":600},{"@type":"BreadcrumbList","@id":"https:\/\/atelierdossabores.com.br\/v2\/produto\/mini-quiche-bacalhau-alho-poro\/#breadcrumb","itemListElement":[{"@type":"ListItem","position":1,"name":"In\u00edcio","item":"https:\/\/atelierdossabores.com.br\/v2\/"},{"@type":"ListItem","position":2,"name":"Loja","item":"https:\/\/atelierdossabores.com.br\/v2\/loja\/"},{"@type":"ListItem","position":3,"name":"Mini Quiche de Bacalhau com Alho Por\u00f3"}]},{"@type":"WebSite","@id":"https:\/\/atelierdossabores.com.br\/v2\/#website","url":"https:\/\/atelierdossabores.com.br\/v2\/","name":"Atelier dos Sabores","description":"Delivery de bolos, tortas, doces e salgados","potentialAction":[{"@type":"SearchAction","target":{"@type":"EntryPoint","urlTemplate":"https:\/\/atelierdossabores.com.br\/v2\/?s={search_term_string}"},"query-input":{"@type":"PropertyValueSpecification","valueRequired":true,"valueName":"search_term_string"}}],"inLanguage":"pt-BR"}]}},"_links":{"self":[{"href":"https:\/\/atelierdossabores.com.br\/v2\/wp-json\/wp\/v2\/product\/15384","targetHints":{"allow":["GET"]}}],"collection":[{"href":"https:\/\/atelierdossabores.com.br\/v2\/wp-json\/wp\/v2\/product"}],"about":[{"href":"https:\/\/atelierdossabores.com.br\/v2\/wp-json\/wp\/v2\/types\/product"}],"replies":[{"embeddable":true,"href":"https:\/\/atelierdossabores.com.br\/v2\/wp-json\/wp\/v2\/comments?post=15384"}],"wp:featuredmedia":[{"embeddable":true,"href":"https:\/\/atelierdossabores.com.br\/v2\/wp-json\/wp\/v2\/media\/24189"}],"wp:attachment":[{"href":"https:\/\/atelierdossabores.com.br\/v2\/wp-json\/wp\/v2\/media?parent=15384"}],"wp:term":[{"taxonomy":"product_brand","embeddable":true,"href":"https:\/\/atelierdossabores.com.br\/v2\/wp-json\/wp\/v2\/product_brand?post=15384"},{"taxonomy":"product_cat","embeddable":true,"href":"https:\/\/atelierdossabores.com.br\/v2\/wp-json\/wp\/v2\/product_cat?post=15384"},{"taxonomy":"product_tag","embeddable":true,"href":"https:\/\/atelierdossabores.com.br\/v2\/wp-json\/wp\/v2\/product_tag?post=15384"}],"curies":[{"name":"wp","href":"https:\/\/api.w.org\/{rel}","templated":true}]}}