{"id":23425,"date":"2024-06-10T07:07:01","date_gmt":"2024-06-10T10:07:01","guid":{"rendered":"https:\/\/atelierdossabores.com.br\/zona-sul\/?post_type=product&#038;p=18978"},"modified":"2026-03-18T14:40:22","modified_gmt":"2026-03-18T17:40:22","slug":"maravilha-de-pistache","status":"publish","type":"product","link":"https:\/\/atelierdossabores.com.br\/v2\/produto\/maravilha-de-pistache\/","title":{"rendered":"Maravilha de Pistache"},"content":{"rendered":"<p>______________________________________________________________<\/p>\n<p><strong>Validade<\/strong> (ap\u00f3s a data de fabrica\u00e7\u00e3o): 90 dias se congelado e 5 dias em refrigera\u00e7\u00e3o.<br \/>\nAp\u00f3s o degelo, orienta-se o consumo do produto, n\u00e3o devendo retornar ao freezer.<\/p>\n<p><strong>\u00a0Tempo m\u00e9dio de descongelamento deste produto:<\/strong>\u00a02 horas.<\/p>\n<p>______________________________________________________________<\/p>\n<p><strong>Ingredientes:<\/strong> Leite condensado (leite integral e\/ou leite em p\u00f3 integral<br \/>\nreconstitu\u00eddo,a\u00e7\u00facar e lactose), creme de leite, a\u00e7\u00facar, farinha de trigo, gema de ovo, clara de ovo, pistache, morango, amora, framboesa, fermento qu\u00edmico (amido*, \u00f3leo vegetal, fermentos qu\u00edmicos pirofosfato \u00e1cido de s\u00f3dio, bicarbonato de s\u00f3dio e fosfato monoc\u00e1lcico e antiumectante di\u00f3xido de sil\u00edcio), mirtilo, suco de lim\u00e3o, pectina, rom\u00e3 e spiruina. *Bacillus thuringiensis, Streptomyces viridochromogenes, Agrobacterium tumefaciens e Zea mays.<\/p>\n<p><strong>AL\u00c9RGICOS: CONT\u00c9M OVO, PISTACHE, DERIVADOS DE LEITE, DE TRIGO E DE SOJA. PODE CONTER AVEIA, AVEL\u00c3, AM\u00caNDOA, AMENDOIM, CENTEIO,CEVADA E CASTANHA -DE- CAJU.<br \/>\nCONT\u00c9M LACTOSE. CONT\u00c9M GL\u00daTEN.<\/strong><\/p>\n<p>______________________________________________________________<\/p>\n<p><strong>Tabela Nutricional<\/strong><\/p>\n<p><img loading=\"lazy\" decoding=\"async\" class=\"aligncenter wp-image-18979\" src=\"https:\/\/atelierdossabores.com.br\/zona-sul\/wp-content\/uploads\/sites\/6\/2023\/11\/TAB-MARAVILHA-PISTACHE-ATELIER-DOS-SABORES.jpg\" alt=\"\" width=\"476\" height=\"607\" \/><\/p>\n","protected":false},"excerpt":{"rendered":"<p>Finas camadas de p\u00e3o de l\u00f3 especial, intercaladas com delicioso brigadeiro de pistache e geleia de frutas vermelhas e confeitada com pistache.<\/p>\n<p><strong>Tamanho aproximado:<\/strong> 24 cm<\/p>\n<p><strong>Por\u00e7\u00e3o:<\/strong> Sugest\u00e3o de 16 a 20 fatias<\/p>\n<p><strong>Este produto \u00e9 entregue congelado.<\/strong><\/p>\n<p><img loading=\"lazy\" decoding=\"async\" class=\"size-full wp-image-15192 alignnone\" src=\"https:\/\/atelierdossabores.com.br\/zona-sul\/wp-content\/uploads\/sites\/6\/2020\/01\/DUAS-HORAS-DESCONGELAMENTO.jpg\" alt=\"\" width=\"395\" height=\"70\" srcset=\"https:\/\/atelierdossabores.com.br\/v2\/wp-content\/uploads\/2020\/01\/DUAS-HORAS-DESCONGELAMENTO.jpg 395w, https:\/\/atelierdossabores.com.br\/v2\/wp-content\/uploads\/2020\/01\/DUAS-HORAS-DESCONGELAMENTO-300x53.jpg 300w\" sizes=\"auto, (max-width: 395px) 100vw, 395px\" \/><\/p>\n<p><em><strong><a href=\"#tab-description\">Descri\u00e7\u00e3o detalhada.<\/a><\/strong><\/em><\/p>\n","protected":false},"featured_media":20216,"comment_status":"open","ping_status":"closed","template":"","meta":[],"product_brand":[],"product_cat":[37],"product_tag":[264,143,34],"class_list":{"0":"post-23425","1":"product","2":"type-product","3":"status-publish","4":"has-post-thumbnail","6":"product_cat-tortas","7":"product_tag-geleia-frutas-vermelhas","8":"product_tag-pistache","9":"product_tag-torta","11":"first","12":"instock","13":"featured","14":"shipping-taxable","15":"purchasable","16":"product-type-simple"},"acf":[],"yoast_head":"<!-- This site is optimized with the Yoast SEO plugin v27.5 - https:\/\/yoast.com\/product\/yoast-seo-wordpress\/ -->\n<title>Maravilha de Pistache - Atelier dos Sabores<\/title>\n<meta name=\"description\" content=\"Maravilha de Pistache | Tortas Delivery | Compre Tortas em Nosso Site Ou Pelo Telefone E Receba em Casa.\" \/>\n<meta name=\"robots\" content=\"index, follow, max-snippet:-1, max-image-preview:large, max-video-preview:-1\" \/>\n<link rel=\"canonical\" href=\"https:\/\/atelierdossabores.com.br\/v2\/produto\/maravilha-de-pistache\/\" \/>\n<meta property=\"og:locale\" content=\"pt_BR\" \/>\n<meta property=\"og:type\" content=\"article\" \/>\n<meta property=\"og:title\" content=\"Maravilha de Pistache - Atelier dos Sabores\" \/>\n<meta property=\"og:description\" content=\"Maravilha de Pistache | Tortas Delivery | Compre Tortas em Nosso Site Ou Pelo Telefone E Receba em Casa.\" \/>\n<meta property=\"og:url\" content=\"https:\/\/atelierdossabores.com.br\/v2\/produto\/maravilha-de-pistache\/\" \/>\n<meta property=\"og:site_name\" content=\"Atelier dos Sabores\" \/>\n<meta property=\"article:modified_time\" content=\"2026-03-18T17:40:22+00:00\" \/>\n<meta property=\"og:image\" content=\"https:\/\/atelierdossabores.com.br\/v2\/wp-content\/uploads\/2023\/11\/Pistache-inteira-600.jpg\" \/>\n\t<meta property=\"og:image:width\" content=\"600\" \/>\n\t<meta property=\"og:image:height\" content=\"600\" \/>\n\t<meta property=\"og:image:type\" content=\"image\/jpeg\" \/>\n<meta name=\"twitter:card\" content=\"summary_large_image\" \/>\n<meta name=\"twitter:label1\" content=\"Est. tempo de leitura\" \/>\n\t<meta name=\"twitter:data1\" content=\"2 minutos\" \/>\n<script type=\"application\/ld+json\" class=\"yoast-schema-graph\">{\"@context\":\"https:\\\/\\\/schema.org\",\"@graph\":[{\"@type\":\"WebPage\",\"@id\":\"https:\\\/\\\/atelierdossabores.com.br\\\/v2\\\/produto\\\/maravilha-de-pistache\\\/\",\"url\":\"https:\\\/\\\/atelierdossabores.com.br\\\/v2\\\/produto\\\/maravilha-de-pistache\\\/\",\"name\":\"Maravilha de Pistache - Atelier dos Sabores\",\"isPartOf\":{\"@id\":\"https:\\\/\\\/atelierdossabores.com.br\\\/v2\\\/#website\"},\"primaryImageOfPage\":{\"@id\":\"https:\\\/\\\/atelierdossabores.com.br\\\/v2\\\/produto\\\/maravilha-de-pistache\\\/#primaryimage\"},\"image\":{\"@id\":\"https:\\\/\\\/atelierdossabores.com.br\\\/v2\\\/produto\\\/maravilha-de-pistache\\\/#primaryimage\"},\"thumbnailUrl\":\"https:\\\/\\\/atelierdossabores.com.br\\\/v2\\\/wp-content\\\/uploads\\\/2023\\\/11\\\/Pistache-inteira-600.jpg\",\"datePublished\":\"2024-06-10T10:07:01+00:00\",\"dateModified\":\"2026-03-18T17:40:22+00:00\",\"description\":\"Maravilha de Pistache | Tortas Delivery | Compre Tortas em Nosso Site Ou Pelo Telefone E Receba em Casa.\",\"breadcrumb\":{\"@id\":\"https:\\\/\\\/atelierdossabores.com.br\\\/v2\\\/produto\\\/maravilha-de-pistache\\\/#breadcrumb\"},\"inLanguage\":\"pt-BR\",\"potentialAction\":[{\"@type\":\"ReadAction\",\"target\":[\"https:\\\/\\\/atelierdossabores.com.br\\\/v2\\\/produto\\\/maravilha-de-pistache\\\/\"]}]},{\"@type\":\"ImageObject\",\"inLanguage\":\"pt-BR\",\"@id\":\"https:\\\/\\\/atelierdossabores.com.br\\\/v2\\\/produto\\\/maravilha-de-pistache\\\/#primaryimage\",\"url\":\"https:\\\/\\\/atelierdossabores.com.br\\\/v2\\\/wp-content\\\/uploads\\\/2023\\\/11\\\/Pistache-inteira-600.jpg\",\"contentUrl\":\"https:\\\/\\\/atelierdossabores.com.br\\\/v2\\\/wp-content\\\/uploads\\\/2023\\\/11\\\/Pistache-inteira-600.jpg\",\"width\":600,\"height\":600},{\"@type\":\"BreadcrumbList\",\"@id\":\"https:\\\/\\\/atelierdossabores.com.br\\\/v2\\\/produto\\\/maravilha-de-pistache\\\/#breadcrumb\",\"itemListElement\":[{\"@type\":\"ListItem\",\"position\":1,\"name\":\"In\u00edcio\",\"item\":\"https:\\\/\\\/atelierdossabores.com.br\\\/v2\\\/\"},{\"@type\":\"ListItem\",\"position\":2,\"name\":\"Loja\",\"item\":\"https:\\\/\\\/atelierdossabores.com.br\\\/v2\\\/loja\\\/\"},{\"@type\":\"ListItem\",\"position\":3,\"name\":\"Maravilha de Pistache\"}]},{\"@type\":\"WebSite\",\"@id\":\"https:\\\/\\\/atelierdossabores.com.br\\\/v2\\\/#website\",\"url\":\"https:\\\/\\\/atelierdossabores.com.br\\\/v2\\\/\",\"name\":\"Atelier dos Sabores\",\"description\":\"Delivery de bolos, tortas, doces e salgados\",\"potentialAction\":[{\"@type\":\"SearchAction\",\"target\":{\"@type\":\"EntryPoint\",\"urlTemplate\":\"https:\\\/\\\/atelierdossabores.com.br\\\/v2\\\/?s={search_term_string}\"},\"query-input\":{\"@type\":\"PropertyValueSpecification\",\"valueRequired\":true,\"valueName\":\"search_term_string\"}}],\"inLanguage\":\"pt-BR\"}]}<\/script>\n<!-- \/ Yoast SEO plugin. -->","yoast_head_json":{"title":"Maravilha de Pistache - Atelier dos Sabores","description":"Maravilha de Pistache | Tortas Delivery | Compre Tortas em Nosso Site Ou Pelo Telefone E Receba em Casa.","robots":{"index":"index","follow":"follow","max-snippet":"max-snippet:-1","max-image-preview":"max-image-preview:large","max-video-preview":"max-video-preview:-1"},"canonical":"https:\/\/atelierdossabores.com.br\/v2\/produto\/maravilha-de-pistache\/","og_locale":"pt_BR","og_type":"article","og_title":"Maravilha de Pistache - Atelier dos Sabores","og_description":"Maravilha de Pistache | Tortas Delivery | Compre Tortas em Nosso Site Ou Pelo Telefone E Receba em Casa.","og_url":"https:\/\/atelierdossabores.com.br\/v2\/produto\/maravilha-de-pistache\/","og_site_name":"Atelier dos Sabores","article_modified_time":"2026-03-18T17:40:22+00:00","og_image":[{"width":600,"height":600,"url":"https:\/\/atelierdossabores.com.br\/v2\/wp-content\/uploads\/2023\/11\/Pistache-inteira-600.jpg","type":"image\/jpeg"}],"twitter_card":"summary_large_image","twitter_misc":{"Est. tempo de leitura":"2 minutos"},"schema":{"@context":"https:\/\/schema.org","@graph":[{"@type":"WebPage","@id":"https:\/\/atelierdossabores.com.br\/v2\/produto\/maravilha-de-pistache\/","url":"https:\/\/atelierdossabores.com.br\/v2\/produto\/maravilha-de-pistache\/","name":"Maravilha de Pistache - Atelier dos Sabores","isPartOf":{"@id":"https:\/\/atelierdossabores.com.br\/v2\/#website"},"primaryImageOfPage":{"@id":"https:\/\/atelierdossabores.com.br\/v2\/produto\/maravilha-de-pistache\/#primaryimage"},"image":{"@id":"https:\/\/atelierdossabores.com.br\/v2\/produto\/maravilha-de-pistache\/#primaryimage"},"thumbnailUrl":"https:\/\/atelierdossabores.com.br\/v2\/wp-content\/uploads\/2023\/11\/Pistache-inteira-600.jpg","datePublished":"2024-06-10T10:07:01+00:00","dateModified":"2026-03-18T17:40:22+00:00","description":"Maravilha de Pistache | Tortas Delivery | Compre Tortas em Nosso Site Ou Pelo Telefone E Receba em Casa.","breadcrumb":{"@id":"https:\/\/atelierdossabores.com.br\/v2\/produto\/maravilha-de-pistache\/#breadcrumb"},"inLanguage":"pt-BR","potentialAction":[{"@type":"ReadAction","target":["https:\/\/atelierdossabores.com.br\/v2\/produto\/maravilha-de-pistache\/"]}]},{"@type":"ImageObject","inLanguage":"pt-BR","@id":"https:\/\/atelierdossabores.com.br\/v2\/produto\/maravilha-de-pistache\/#primaryimage","url":"https:\/\/atelierdossabores.com.br\/v2\/wp-content\/uploads\/2023\/11\/Pistache-inteira-600.jpg","contentUrl":"https:\/\/atelierdossabores.com.br\/v2\/wp-content\/uploads\/2023\/11\/Pistache-inteira-600.jpg","width":600,"height":600},{"@type":"BreadcrumbList","@id":"https:\/\/atelierdossabores.com.br\/v2\/produto\/maravilha-de-pistache\/#breadcrumb","itemListElement":[{"@type":"ListItem","position":1,"name":"In\u00edcio","item":"https:\/\/atelierdossabores.com.br\/v2\/"},{"@type":"ListItem","position":2,"name":"Loja","item":"https:\/\/atelierdossabores.com.br\/v2\/loja\/"},{"@type":"ListItem","position":3,"name":"Maravilha de Pistache"}]},{"@type":"WebSite","@id":"https:\/\/atelierdossabores.com.br\/v2\/#website","url":"https:\/\/atelierdossabores.com.br\/v2\/","name":"Atelier dos Sabores","description":"Delivery de bolos, tortas, doces e salgados","potentialAction":[{"@type":"SearchAction","target":{"@type":"EntryPoint","urlTemplate":"https:\/\/atelierdossabores.com.br\/v2\/?s={search_term_string}"},"query-input":{"@type":"PropertyValueSpecification","valueRequired":true,"valueName":"search_term_string"}}],"inLanguage":"pt-BR"}]}},"_links":{"self":[{"href":"https:\/\/atelierdossabores.com.br\/v2\/wp-json\/wp\/v2\/product\/23425","targetHints":{"allow":["GET"]}}],"collection":[{"href":"https:\/\/atelierdossabores.com.br\/v2\/wp-json\/wp\/v2\/product"}],"about":[{"href":"https:\/\/atelierdossabores.com.br\/v2\/wp-json\/wp\/v2\/types\/product"}],"replies":[{"embeddable":true,"href":"https:\/\/atelierdossabores.com.br\/v2\/wp-json\/wp\/v2\/comments?post=23425"}],"wp:featuredmedia":[{"embeddable":true,"href":"https:\/\/atelierdossabores.com.br\/v2\/wp-json\/wp\/v2\/media\/20216"}],"wp:attachment":[{"href":"https:\/\/atelierdossabores.com.br\/v2\/wp-json\/wp\/v2\/media?parent=23425"}],"wp:term":[{"taxonomy":"product_brand","embeddable":true,"href":"https:\/\/atelierdossabores.com.br\/v2\/wp-json\/wp\/v2\/product_brand?post=23425"},{"taxonomy":"product_cat","embeddable":true,"href":"https:\/\/atelierdossabores.com.br\/v2\/wp-json\/wp\/v2\/product_cat?post=23425"},{"taxonomy":"product_tag","embeddable":true,"href":"https:\/\/atelierdossabores.com.br\/v2\/wp-json\/wp\/v2\/product_tag?post=23425"}],"curies":[{"name":"wp","href":"https:\/\/api.w.org\/{rel}","templated":true}]}}